{"id":53,"date":"2024-11-14T11:32:31","date_gmt":"2024-11-14T11:32:31","guid":{"rendered":"https:\/\/finaleligurefreeride.staging.appfactory.it\/?page_id=53"},"modified":"2025-02-10T11:54:44","modified_gmt":"2025-02-10T11:54:44","slug":"who-we-are","status":"publish","type":"page","link":"https:\/\/finaleligurefreeride.com\/it\/about-us\/who-we-are\/","title":{"rendered":"Chi siamo"},"content":{"rendered":"\t\t<div data-elementor-type=\"wp-page\" data-elementor-id=\"53\" class=\"elementor elementor-53\" data-elementor-post-type=\"page\">\n\t\t\t\t<div class=\"elementor-element elementor-element-07d9151 e-flex e-con-boxed e-con e-parent\" data-id=\"07d9151\" data-element_type=\"container\">\n\t\t\t\t\t<div class=\"e-con-inner\">\n\t\t<div class=\"elementor-element elementor-element-3d1f7ac e-con-full e-flex e-con e-child\" data-id=\"3d1f7ac\" data-element_type=\"container\">\n\t\t\t\t<div class=\"elementor-element elementor-element-aafd351 elementor-widget elementor-widget-text-editor\" data-id=\"aafd351\" data-element_type=\"widget\" data-widget_type=\"text-editor.default\">\n\t\t\t\t<div class=\"elementor-widget-container\">\n\t\t\t\t\t\t\t\t\t<p>Finale Ligure Freeride \u00e8 un&#8217;Associazione Sportiva Dilettantistica fondata nel 1999. Fabrizio Valenti e Fulvio Balbi hanno iniziato a costruire e progettare i primi sentieri nelle aree della Base Nato e del Colle del Melogno. Dopo oltre 25 anni di duro lavoro il sogno \u00e8 diventato realt\u00e0: Finale Ligure \u00e8 diventata una delle migliori destinazioni per la mountain bike al mondo!<br \/><br \/>Oggi offriamo una gamma ancora pi\u00f9 ampia di servizi: bike shuttle, risalite singole, tour giornalieri, tour pedalati, oltre alla possibilit\u00e0 di organizzare tour di pi\u00f9 giorni, sempre seguiti da professionisti esperti e Academy.<\/p>\t\t\t\t\t\t\t\t<\/div>\n\t\t\t\t<\/div>\n\t\t\t\t<div class=\"elementor-element elementor-element-aaaab8c elementor-widget elementor-widget-heading\" data-id=\"aaaab8c\" data-element_type=\"widget\" data-widget_type=\"heading.default\">\n\t\t\t\t<div class=\"elementor-widget-container\">\n\t\t\t\t\t<h2 class=\"elementor-heading-title elementor-size-default\">!!! Vivi un'esperienza unica e indimenticabile a Finale Ligure!!!<\/h2>\t\t\t\t<\/div>\n\t\t\t\t<\/div>\n\t\t\t\t<\/div>\n\t\t<div class=\"elementor-element elementor-element-b0512b8 e-con-full e-flex e-con e-child\" data-id=\"b0512b8\" data-element_type=\"container\">\n\t\t\t\t<div class=\"elementor-element elementor-element-aba99b5 cutteded-edge-box elementor-widget elementor-widget-image\" data-id=\"aba99b5\" data-element_type=\"widget\" data-widget_type=\"image.default\">\n\t\t\t\t<div class=\"elementor-widget-container\">\n\t\t\t\t\t\t\t\t\t\t\t\t\t\t\t<img fetchpriority=\"high\" decoding=\"async\" width=\"800\" height=\"433\" src=\"https:\/\/finaleligurefreeride.com\/wp-content\/uploads\/2024\/11\/combo.png\" class=\"attachment-large size-large wp-image-186\" alt=\"\" srcset=\"https:\/\/finaleligurefreeride.com\/wp-content\/uploads\/2024\/11\/combo.png 1015w, https:\/\/finaleligurefreeride.com\/wp-content\/uploads\/2024\/11\/combo-300x162.png 300w, https:\/\/finaleligurefreeride.com\/wp-content\/uploads\/2024\/11\/combo-768x415.png 768w\" sizes=\"(max-width: 800px) 100vw, 800px\" \/>\t\t\t\t\t\t\t\t\t\t\t\t\t\t\t<\/div>\n\t\t\t\t<\/div>\n\t\t\t\t<\/div>\n\t\t\t\t\t<\/div>\n\t\t\t\t<\/div>\n\t\t<div class=\"elementor-element elementor-element-9c0d369 e-flex e-con-boxed e-con e-parent\" data-id=\"9c0d369\" data-element_type=\"container\" data-settings=\"{&quot;background_background&quot;:&quot;classic&quot;}\">\n\t\t\t\t\t<div class=\"e-con-inner\">\n\t\t\t\t<div class=\"elementor-element elementor-element-2802d95 elementor-widget elementor-widget-template\" data-id=\"2802d95\" data-element_type=\"widget\" data-widget_type=\"template.default\">\n\t\t\t\t<div class=\"elementor-widget-container\">\n\t\t\t\t\t\t\t<div class=\"elementor-template\">\n\t\t\t\t\t<div data-elementor-type=\"container\" data-elementor-id=\"736\" class=\"elementor elementor-736\" data-elementor-post-type=\"elementor_library\">\n\t\t\t\t<div class=\"elementor-element elementor-element-4d2b0217 e-flex e-con-boxed e-con e-parent\" data-id=\"4d2b0217\" data-element_type=\"container\">\n\t\t\t\t\t<div class=\"e-con-inner\">\n\t\t<div class=\"elementor-element elementor-element-1af9211e e-con-full e-flex e-con e-child\" data-id=\"1af9211e\" data-element_type=\"container\">\n\t\t<div class=\"elementor-element elementor-element-44d1cc1d e-con-full e-flex e-con e-child\" data-id=\"44d1cc1d\" data-element_type=\"container\">\n\t\t\t\t<div class=\"elementor-element elementor-element-5ba9ffa1 elementor-widget elementor-widget-heading\" data-id=\"5ba9ffa1\" data-element_type=\"widget\" data-widget_type=\"heading.default\">\n\t\t\t\t<div class=\"elementor-widget-container\">\n\t\t\t\t\t<h2 class=\"elementor-heading-title elementor-size-default\">Scopri <span>i sentieri<\/span><\/h2>\t\t\t\t<\/div>\n\t\t\t\t<\/div>\n\t\t\t\t<div class=\"elementor-element elementor-element-26791919 elementor-tablet-align-center elementor-align-right elementor-widget elementor-widget-button\" data-id=\"26791919\" data-element_type=\"widget\" data-widget_type=\"button.default\">\n\t\t\t\t<div class=\"elementor-widget-container\">\n\t\t\t\t\t\t\t\t\t<div class=\"elementor-button-wrapper\">\n\t\t\t\t\t<a class=\"elementor-button elementor-button-link elementor-size-sm\" href=\"#\" target=\"_blank\">\n\t\t\t\t\t\t<span class=\"elementor-button-content-wrapper\">\n\t\t\t\t\t\t\t\t\t<span class=\"elementor-button-text\">Scopri tutti i sentieri<\/span>\n\t\t\t\t\t<\/span>\n\t\t\t\t\t<\/a>\n\t\t\t\t<\/div>\n\t\t\t\t\t\t\t\t<\/div>\n\t\t\t\t<\/div>\n\t\t\t\t<\/div>\n\t\t\t\t<div class=\"elementor-element elementor-element-57f148ca elementor-widget elementor-widget-text-editor\" data-id=\"57f148ca\" data-element_type=\"widget\" data-widget_type=\"text-editor.default\">\n\t\t\t\t<div class=\"elementor-widget-container\">\n\t\t\t\t\t\t\t\t\t<p>Se nuovo della zona e vuoi esplorare il territorio?<br \/>Apri la mappa e scopri i sentieri.<br \/>Per pi\u00f9 delucidazioni in merito ai sentieri puoi contattarci.<\/p>\t\t\t\t\t\t\t\t<\/div>\n\t\t\t\t<\/div>\n\t\t\t\t<div class=\"elementor-element elementor-element-28183469 elementor-position-left elementor-widget__width-initial elementor-view-default elementor-mobile-position-top elementor-widget elementor-widget-icon-box\" data-id=\"28183469\" data-element_type=\"widget\" data-widget_type=\"icon-box.default\">\n\t\t\t\t<div class=\"elementor-widget-container\">\n\t\t\t\t\t\t\t<div class=\"elementor-icon-box-wrapper\">\n\n\t\t\t\t\t\t<div class=\"elementor-icon-box-icon\">\n\t\t\t\t<span  class=\"elementor-icon\">\n\t\t\t\t<svg aria-hidden=\"true\" class=\"e-font-icon-svg e-fas-circle\" viewBox=\"0 0 512 512\" xmlns=\"http:\/\/www.w3.org\/2000\/svg\"><path d=\"M256 8C119 8 8 119 8 256s111 248 248 248 248-111 248-248S393 8 256 8z\"><\/path><\/svg>\t\t\t\t<\/span>\n\t\t\t<\/div>\n\t\t\t\n\t\t\t\t\t\t<div class=\"elementor-icon-box-content\">\n\n\t\t\t\t\t\t\t\t\t<h3 class=\"elementor-icon-box-title\">\n\t\t\t\t\t\t<span  >\n\t\t\t\t\t\t\tArea Madonna della guardia\t\t\t\t\t\t<\/span>\n\t\t\t\t\t<\/h3>\n\t\t\t\t\n\t\t\t\t\t\t\t\t\t<p class=\"elementor-icon-box-description\">\n\t\t\t\t\t\tCacciatore <br \/>\nMadonna della Guardia <br \/>\nKill Bill 1 <br \/>\nKill Bill 2 <br \/>\t\t\t\t\t<\/p>\n\t\t\t\t\n\t\t\t<\/div>\n\t\t\t\n\t\t<\/div>\n\t\t\t\t\t\t<\/div>\n\t\t\t\t<\/div>\n\t\t\t\t<div class=\"elementor-element elementor-element-3954d7e8 elementor-position-left elementor-widget__width-initial elementor-view-default elementor-mobile-position-top elementor-widget elementor-widget-icon-box\" data-id=\"3954d7e8\" data-element_type=\"widget\" data-widget_type=\"icon-box.default\">\n\t\t\t\t<div class=\"elementor-widget-container\">\n\t\t\t\t\t\t\t<div class=\"elementor-icon-box-wrapper\">\n\n\t\t\t\t\t\t<div class=\"elementor-icon-box-icon\">\n\t\t\t\t<span  class=\"elementor-icon\">\n\t\t\t\t<svg aria-hidden=\"true\" class=\"e-font-icon-svg e-fas-circle\" viewBox=\"0 0 512 512\" xmlns=\"http:\/\/www.w3.org\/2000\/svg\"><path d=\"M256 8C119 8 8 119 8 256s111 248 248 248 248-111 248-248S393 8 256 8z\"><\/path><\/svg>\t\t\t\t<\/span>\n\t\t\t<\/div>\n\t\t\t\n\t\t\t\t\t\t<div class=\"elementor-icon-box-content\">\n\n\t\t\t\t\t\t\t\t\t<h3 class=\"elementor-icon-box-title\">\n\t\t\t\t\t\t<span  >\n\t\t\t\t\t\t\tArea base nato\t\t\t\t\t\t<\/span>\n\t\t\t\t\t<\/h3>\n\t\t\t\t\n\t\t\t\t\t\t\t\t\t<p class=\"elementor-icon-box-description\">\n\t\t\t\t\t\tCrestino Pt 1<br \/>\n\u2028Base Nato<br \/>\nMadre natura<br \/>\n115<br \/>\nH\t\t\t\t\t<\/p>\n\t\t\t\t\n\t\t\t<\/div>\n\t\t\t\n\t\t<\/div>\n\t\t\t\t\t\t<\/div>\n\t\t\t\t<\/div>\n\t\t\t\t<div class=\"elementor-element elementor-element-7a1fb591 elementor-position-left elementor-widget__width-initial elementor-view-default elementor-mobile-position-top elementor-widget elementor-widget-icon-box\" data-id=\"7a1fb591\" data-element_type=\"widget\" data-widget_type=\"icon-box.default\">\n\t\t\t\t<div class=\"elementor-widget-container\">\n\t\t\t\t\t\t\t<div class=\"elementor-icon-box-wrapper\">\n\n\t\t\t\t\t\t<div class=\"elementor-icon-box-icon\">\n\t\t\t\t<span  class=\"elementor-icon\">\n\t\t\t\t<svg aria-hidden=\"true\" class=\"e-font-icon-svg e-fas-circle\" viewBox=\"0 0 512 512\" xmlns=\"http:\/\/www.w3.org\/2000\/svg\"><path d=\"M256 8C119 8 8 119 8 256s111 248 248 248 248-111 248-248S393 8 256 8z\"><\/path><\/svg>\t\t\t\t<\/span>\n\t\t\t<\/div>\n\t\t\t\n\t\t\t\t\t\t<div class=\"elementor-icon-box-content\">\n\n\t\t\t\t\t\t\t\t\t<h3 class=\"elementor-icon-box-title\">\n\t\t\t\t\t\t<span  >\n\t\t\t\t\t\t\tArea DIN\t\t\t\t\t\t<\/span>\n\t\t\t\t\t<\/h3>\n\t\t\t\t\n\t\t\t\t\t\t\t\t\t<p class=\"elementor-icon-box-description\">\n\t\t\t\t\t\tRollercoster<br \/>\nToboga di Canova\t\t\t\t\t<\/p>\n\t\t\t\t\n\t\t\t<\/div>\n\t\t\t\n\t\t<\/div>\n\t\t\t\t\t\t<\/div>\n\t\t\t\t<\/div>\n\t\t\t\t<div class=\"elementor-element elementor-element-3b6def2a elementor-position-left elementor-widget__width-initial elementor-view-default elementor-mobile-position-top elementor-widget elementor-widget-icon-box\" data-id=\"3b6def2a\" data-element_type=\"widget\" data-widget_type=\"icon-box.default\">\n\t\t\t\t<div class=\"elementor-widget-container\">\n\t\t\t\t\t\t\t<div class=\"elementor-icon-box-wrapper\">\n\n\t\t\t\t\t\t<div class=\"elementor-icon-box-icon\">\n\t\t\t\t<span  class=\"elementor-icon\">\n\t\t\t\t<svg aria-hidden=\"true\" class=\"e-font-icon-svg e-fas-circle\" viewBox=\"0 0 512 512\" xmlns=\"http:\/\/www.w3.org\/2000\/svg\"><path d=\"M256 8C119 8 8 119 8 256s111 248 248 248 248-111 248-248S393 8 256 8z\"><\/path><\/svg>\t\t\t\t<\/span>\n\t\t\t<\/div>\n\t\t\t\n\t\t\t\t\t\t<div class=\"elementor-icon-box-content\">\n\n\t\t\t\t\t\t\t\t\t<h3 class=\"elementor-icon-box-title\">\n\t\t\t\t\t\t<span  >\n\t\t\t\t\t\t\tArea Melogno \t\t\t\t\t\t<\/span>\n\t\t\t\t\t<\/h3>\n\t\t\t\t\n\t\t\t\t\t\t\t\t\t<p class=\"elementor-icon-box-description\">\n\t\t\t\t\t\tIsallo Extasy<br \/>\n\u2028Fast &amp; Furios\t\t\t\t\t<\/p>\n\t\t\t\t\n\t\t\t<\/div>\n\t\t\t\n\t\t<\/div>\n\t\t\t\t\t\t<\/div>\n\t\t\t\t<\/div>\n\t\t\t\t<div class=\"elementor-element elementor-element-785ab4c0 elementor-position-left elementor-widget-mobile__width-initial elementor-view-default elementor-mobile-position-top elementor-widget elementor-widget-icon-box\" data-id=\"785ab4c0\" data-element_type=\"widget\" data-widget_type=\"icon-box.default\">\n\t\t\t\t<div class=\"elementor-widget-container\">\n\t\t\t\t\t\t\t<div class=\"elementor-icon-box-wrapper\">\n\n\t\t\t\t\t\t<div class=\"elementor-icon-box-icon\">\n\t\t\t\t<span  class=\"elementor-icon\">\n\t\t\t\t<svg aria-hidden=\"true\" class=\"e-font-icon-svg e-fas-circle\" viewBox=\"0 0 512 512\" xmlns=\"http:\/\/www.w3.org\/2000\/svg\"><path d=\"M256 8C119 8 8 119 8 256s111 248 248 248 248-111 248-248S393 8 256 8z\"><\/path><\/svg>\t\t\t\t<\/span>\n\t\t\t<\/div>\n\t\t\t\n\t\t\t\t\t\t<div class=\"elementor-icon-box-content\">\n\n\t\t\t\t\n\t\t\t\t\t\t\t\t\t<p class=\"elementor-icon-box-description\">\n\t\t\t\t\t\tStrada\t\t\t\t\t<\/p>\n\t\t\t\t\n\t\t\t<\/div>\n\t\t\t\n\t\t<\/div>\n\t\t\t\t\t\t<\/div>\n\t\t\t\t<\/div>\n\t\t\t\t<\/div>\n\t\t<div class=\"elementor-element elementor-element-246923ef e-con-full e-flex e-con e-child\" data-id=\"246923ef\" data-element_type=\"container\">\n\t\t\t\t<div class=\"elementor-element elementor-element-5df14f36 elementor-widget elementor-widget-image\" data-id=\"5df14f36\" data-element_type=\"widget\" data-widget_type=\"image.default\">\n\t\t\t\t<div class=\"elementor-widget-container\">\n\t\t\t\t\t\t\t\t\t\t\t\t\t\t\t<img decoding=\"async\" width=\"800\" height=\"800\" src=\"https:\/\/finaleligurefreeride.com\/wp-content\/uploads\/2024\/11\/freeride-mappa-sentieri.png\" class=\"attachment-full size-full wp-image-218\" alt=\"\" srcset=\"https:\/\/finaleligurefreeride.com\/wp-content\/uploads\/2024\/11\/freeride-mappa-sentieri.png 800w, https:\/\/finaleligurefreeride.com\/wp-content\/uploads\/2024\/11\/freeride-mappa-sentieri-300x300.png 300w, https:\/\/finaleligurefreeride.com\/wp-content\/uploads\/2024\/11\/freeride-mappa-sentieri-150x150.png 150w, https:\/\/finaleligurefreeride.com\/wp-content\/uploads\/2024\/11\/freeride-mappa-sentieri-768x768.png 768w\" sizes=\"(max-width: 800px) 100vw, 800px\" \/>\t\t\t\t\t\t\t\t\t\t\t\t\t\t\t<\/div>\n\t\t\t\t<\/div>\n\t\t\t\t<\/div>\n\t\t\t\t\t<\/div>\n\t\t\t\t<\/div>\n\t\t\t\t<\/div>\n\t\t\t\t<\/div>\n\t\t\t\t\t\t<\/div>\n\t\t\t\t<\/div>\n\t\t\t\t\t<\/div>\n\t\t\t\t<\/div>\n\t\t<div class=\"elementor-element elementor-element-804d7f4 e-con-full e-flex e-con e-parent\" data-id=\"804d7f4\" data-element_type=\"container\">\n\t\t\t\t<div class=\"elementor-element elementor-element-33a308c elementor-widget elementor-widget-template\" data-id=\"33a308c\" data-element_type=\"widget\" data-widget_type=\"template.default\">\n\t\t\t\t<div class=\"elementor-widget-container\">\n\t\t\t\t\t\t\t<div class=\"elementor-template\">\n\t\t\t\t\t<div data-elementor-type=\"container\" data-elementor-id=\"178\" class=\"elementor elementor-178\" data-elementor-post-type=\"elementor_library\">\n\t\t\t\t<div class=\"elementor-element elementor-element-b1a183d e-flex e-con-boxed e-con e-parent\" data-id=\"b1a183d\" data-element_type=\"container\" data-settings=\"{&quot;background_background&quot;:&quot;classic&quot;}\">\n\t\t\t\t\t<div class=\"e-con-inner\">\n\t\t<div class=\"elementor-element elementor-element-78826713 e-con-full e-flex e-con e-child\" data-id=\"78826713\" data-element_type=\"container\">\n\t\t\t\t<div class=\"elementor-element elementor-element-75d4ef4c elementor-widget elementor-widget-heading\" data-id=\"75d4ef4c\" data-element_type=\"widget\" data-widget_type=\"heading.default\">\n\t\t\t\t<div class=\"elementor-widget-container\">\n\t\t\t\t\t<h2 class=\"elementor-heading-title elementor-size-default\">Grazie ai nostri <span>partner<\/span><\/h2>\t\t\t\t<\/div>\n\t\t\t\t<\/div>\n\t\t\t\t<\/div>\n\t\t<div class=\"elementor-element elementor-element-5a93e7ff e-con-full e-flex e-con e-child\" data-id=\"5a93e7ff\" data-element_type=\"container\">\n\t\t\t\t<div class=\"elementor-element elementor-element-14fff824 elementor-widget elementor-widget-image\" data-id=\"14fff824\" data-element_type=\"widget\" data-widget_type=\"image.default\">\n\t\t\t\t<div class=\"elementor-widget-container\">\n\t\t\t\t\t\t\t\t\t\t\t\t\t\t\t<img decoding=\"async\" width=\"1552\" height=\"217\" src=\"https:\/\/finaleligurefreeride.com\/wp-content\/uploads\/2025\/06\/Exept_full_black-002.png\" class=\"attachment-full size-full wp-image-1210\" alt=\"\" srcset=\"https:\/\/finaleligurefreeride.com\/wp-content\/uploads\/2025\/06\/Exept_full_black-002.png 1552w, https:\/\/finaleligurefreeride.com\/wp-content\/uploads\/2025\/06\/Exept_full_black-002-300x42.png 300w, https:\/\/finaleligurefreeride.com\/wp-content\/uploads\/2025\/06\/Exept_full_black-002-1024x143.png 1024w, https:\/\/finaleligurefreeride.com\/wp-content\/uploads\/2025\/06\/Exept_full_black-002-768x107.png 768w, https:\/\/finaleligurefreeride.com\/wp-content\/uploads\/2025\/06\/Exept_full_black-002-1536x215.png 1536w\" sizes=\"(max-width: 1552px) 100vw, 1552px\" \/>\t\t\t\t\t\t\t\t\t\t\t\t\t\t\t<\/div>\n\t\t\t\t<\/div>\n\t\t\t\t<\/div>\n\t\t<div class=\"elementor-element elementor-element-2f2349a e-con-full e-flex e-con e-child\" data-id=\"2f2349a\" data-element_type=\"container\">\n\t\t\t\t<div class=\"elementor-element elementor-element-6951cb09 elementor-widget elementor-widget-image\" data-id=\"6951cb09\" data-element_type=\"widget\" data-widget_type=\"image.default\">\n\t\t\t\t<div class=\"elementor-widget-container\">\n\t\t\t\t\t\t\t\t\t\t\t\t\t\t\t<img loading=\"lazy\" decoding=\"async\" width=\"1024\" height=\"724\" src=\"https:\/\/finaleligurefreeride.com\/wp-content\/uploads\/2024\/11\/ACQUA-CALIZZANO.png\" class=\"attachment-full size-full wp-image-118\" alt=\"\" srcset=\"https:\/\/finaleligurefreeride.com\/wp-content\/uploads\/2024\/11\/ACQUA-CALIZZANO.png 1024w, https:\/\/finaleligurefreeride.com\/wp-content\/uploads\/2024\/11\/ACQUA-CALIZZANO-300x212.png 300w, https:\/\/finaleligurefreeride.com\/wp-content\/uploads\/2024\/11\/ACQUA-CALIZZANO-768x543.png 768w\" sizes=\"(max-width: 1024px) 100vw, 1024px\" \/>\t\t\t\t\t\t\t\t\t\t\t\t\t\t\t<\/div>\n\t\t\t\t<\/div>\n\t\t\t\t<\/div>\n\t\t<div class=\"elementor-element elementor-element-173c6ccd e-con-full e-flex e-con e-child\" data-id=\"173c6ccd\" data-element_type=\"container\">\n\t\t\t\t<div class=\"elementor-element elementor-element-5c23b4e4 elementor-widget elementor-widget-image\" data-id=\"5c23b4e4\" data-element_type=\"widget\" data-widget_type=\"image.default\">\n\t\t\t\t<div class=\"elementor-widget-container\">\n\t\t\t\t\t\t\t\t\t\t\t\t\t\t\t<img loading=\"lazy\" decoding=\"async\" width=\"1500\" height=\"877\" src=\"https:\/\/finaleligurefreeride.com\/wp-content\/uploads\/2024\/11\/All4cycling-logo.png\" class=\"attachment-full size-full wp-image-119\" alt=\"\" srcset=\"https:\/\/finaleligurefreeride.com\/wp-content\/uploads\/2024\/11\/All4cycling-logo.png 1500w, https:\/\/finaleligurefreeride.com\/wp-content\/uploads\/2024\/11\/All4cycling-logo-300x175.png 300w, https:\/\/finaleligurefreeride.com\/wp-content\/uploads\/2024\/11\/All4cycling-logo-1024x599.png 1024w, https:\/\/finaleligurefreeride.com\/wp-content\/uploads\/2024\/11\/All4cycling-logo-768x449.png 768w\" sizes=\"(max-width: 1500px) 100vw, 1500px\" \/>\t\t\t\t\t\t\t\t\t\t\t\t\t\t\t<\/div>\n\t\t\t\t<\/div>\n\t\t\t\t<\/div>\n\t\t<div class=\"elementor-element elementor-element-76904939 e-con-full e-flex e-con e-child\" data-id=\"76904939\" data-element_type=\"container\">\n\t\t\t\t<div class=\"elementor-element elementor-element-79c9fb44 elementor-widget elementor-widget-image\" data-id=\"79c9fb44\" data-element_type=\"widget\" data-widget_type=\"image.default\">\n\t\t\t\t<div class=\"elementor-widget-container\">\n\t\t\t\t\t\t\t\t\t\t\t\t\t\t\t<img loading=\"lazy\" decoding=\"async\" width=\"334\" height=\"204\" src=\"https:\/\/finaleligurefreeride.com\/wp-content\/uploads\/2024\/11\/VECCHIE-MURA.png\" class=\"attachment-full size-full wp-image-117\" alt=\"\" srcset=\"https:\/\/finaleligurefreeride.com\/wp-content\/uploads\/2024\/11\/VECCHIE-MURA.png 334w, https:\/\/finaleligurefreeride.com\/wp-content\/uploads\/2024\/11\/VECCHIE-MURA-300x183.png 300w\" sizes=\"(max-width: 334px) 100vw, 334px\" \/>\t\t\t\t\t\t\t\t\t\t\t\t\t\t\t<\/div>\n\t\t\t\t<\/div>\n\t\t\t\t<\/div>\n\t\t<div class=\"elementor-element elementor-element-39c031e5 e-con-full e-flex e-con e-child\" data-id=\"39c031e5\" data-element_type=\"container\">\n\t\t\t\t<div class=\"elementor-element elementor-element-3fa1ff81 elementor-widget elementor-widget-image\" data-id=\"3fa1ff81\" data-element_type=\"widget\" data-widget_type=\"image.default\">\n\t\t\t\t<div class=\"elementor-widget-container\">\n\t\t\t\t\t\t\t\t\t\t\t\t\t\t\t<img loading=\"lazy\" decoding=\"async\" width=\"240\" height=\"156\" src=\"https:\/\/finaleligurefreeride.com\/wp-content\/uploads\/2024\/11\/HOTEL-DERBY.png\" class=\"attachment-full size-full wp-image-121\" alt=\"\" \/>\t\t\t\t\t\t\t\t\t\t\t\t\t\t\t<\/div>\n\t\t\t\t<\/div>\n\t\t\t\t<\/div>\n\t\t\t\t\t<\/div>\n\t\t\t\t<\/div>\n\t\t\t\t<\/div>\n\t\t\t\t<\/div>\n\t\t\t\t\t\t<\/div>\n\t\t\t\t<\/div>\n\t\t\t\t<\/div>\n\t\t\t\t<\/div>\n\t\t","protected":false},"excerpt":{"rendered":"<p>Finale Ligure Freeride \u00e8 un&#8217;Associazione Sportiva Dilettantistica fondata nel 1999. Fabrizio Valenti e Fulvio Balbi hanno iniziato a costruire e progettare i primi sentieri nelle aree della Base Nato e del Colle del Melogno. Dopo oltre 25 anni di duro lavoro il sogno \u00e8 diventato realt\u00e0: Finale Ligure \u00e8 diventata una delle migliori destinazioni per [&hellip;]<\/p>\n","protected":false},"author":1,"featured_media":0,"parent":475,"menu_order":0,"comment_status":"closed","ping_status":"closed","template":"","meta":{"footnotes":""},"class_list":["post-53","page","type-page","status-publish","hentry"],"_links":{"self":[{"href":"https:\/\/finaleligurefreeride.com\/it\/wp-json\/wp\/v2\/pages\/53","targetHints":{"allow":["GET"]}}],"collection":[{"href":"https:\/\/finaleligurefreeride.com\/it\/wp-json\/wp\/v2\/pages"}],"about":[{"href":"https:\/\/finaleligurefreeride.com\/it\/wp-json\/wp\/v2\/types\/page"}],"author":[{"embeddable":true,"href":"https:\/\/finaleligurefreeride.com\/it\/wp-json\/wp\/v2\/users\/1"}],"replies":[{"embeddable":true,"href":"https:\/\/finaleligurefreeride.com\/it\/wp-json\/wp\/v2\/comments?post=53"}],"version-history":[{"count":12,"href":"https:\/\/finaleligurefreeride.com\/it\/wp-json\/wp\/v2\/pages\/53\/revisions"}],"predecessor-version":[{"id":942,"href":"https:\/\/finaleligurefreeride.com\/it\/wp-json\/wp\/v2\/pages\/53\/revisions\/942"}],"up":[{"embeddable":true,"href":"https:\/\/finaleligurefreeride.com\/it\/wp-json\/wp\/v2\/pages\/475"}],"wp:attachment":[{"href":"https:\/\/finaleligurefreeride.com\/it\/wp-json\/wp\/v2\/media?parent=53"}],"curies":[{"name":"wp","href":"https:\/\/api.w.org\/{rel}","templated":true}]}}