{"id":510,"date":"2025-02-06T13:50:34","date_gmt":"2025-02-06T13:50:34","guid":{"rendered":"https:\/\/finaleligurefreeride.staging.appfactory.it\/?page_id=510"},"modified":"2025-03-25T15:33:42","modified_gmt":"2025-03-25T15:33:42","slug":"academy","status":"publish","type":"page","link":"https:\/\/finaleligurefreeride.com\/it\/academy\/","title":{"rendered":"Academy"},"content":{"rendered":"\t\t<div data-elementor-type=\"wp-page\" data-elementor-id=\"510\" class=\"elementor elementor-510\" data-elementor-post-type=\"page\">\n\t\t\t\t<div class=\"elementor-element elementor-element-340656c e-flex e-con-boxed e-con e-parent\" data-id=\"340656c\" data-element_type=\"container\" data-settings=\"{&quot;background_background&quot;:&quot;classic&quot;}\">\n\t\t\t\t\t<div class=\"e-con-inner\">\n\t\t<div class=\"elementor-element elementor-element-d4859ba e-con-full e-flex e-con e-child\" data-id=\"d4859ba\" data-element_type=\"container\">\n\t\t\t\t<div class=\"elementor-element elementor-element-839cd96 elementor-widget elementor-widget-heading\" data-id=\"839cd96\" data-element_type=\"widget\" data-widget_type=\"heading.default\">\n\t\t\t\t<div class=\"elementor-widget-container\">\n\t\t\t\t\t<h2 class=\"elementor-heading-title elementor-size-default\">HAi bisogno di maggiori informazioni?<\/h2>\t\t\t\t<\/div>\n\t\t\t\t<\/div>\n\t\t\t\t<div class=\"elementor-element elementor-element-dd4b03a elementor-position-left elementor-mobile-position-left elementor-view-default elementor-widget elementor-widget-icon-box\" data-id=\"dd4b03a\" data-element_type=\"widget\" data-widget_type=\"icon-box.default\">\n\t\t\t\t<div class=\"elementor-widget-container\">\n\t\t\t\t\t\t\t<div class=\"elementor-icon-box-wrapper\">\n\n\t\t\t\t\t\t<div class=\"elementor-icon-box-icon\">\n\t\t\t\t<span  class=\"elementor-icon\">\n\t\t\t\t<svg xmlns=\"http:\/\/www.w3.org\/2000\/svg\" height=\"24px\" viewBox=\"0 -960 960 960\" width=\"24px\" fill=\"1E1F1F\"><path d=\"M480-480q33 0 56.5-23.5T560-560q0-33-23.5-56.5T480-640q-33 0-56.5 23.5T400-560q0 33 23.5 56.5T480-480Zm0 294q122-112 181-203.5T720-552q0-109-69.5-178.5T480-800q-101 0-170.5 69.5T240-552q0 71 59 162.5T480-186Zm0 106Q319-217 239.5-334.5T160-552q0-150 96.5-239T480-880q127 0 223.5 89T800-552q0 100-79.5 217.5T480-80Zm0-480Z\"><\/path><\/svg>\t\t\t\t<\/span>\n\t\t\t<\/div>\n\t\t\t\n\t\t\t\t\t\t<div class=\"elementor-icon-box-content\">\n\n\t\t\t\t\t\t\t\t\t<h3 class=\"elementor-icon-box-title\">\n\t\t\t\t\t\t<span  >\n\t\t\t\t\t\t\tVia Gorra, 10 - 17024 Finale Ligure (SV)\t\t\t\t\t\t<\/span>\n\t\t\t\t\t<\/h3>\n\t\t\t\t\n\t\t\t\t\n\t\t\t<\/div>\n\t\t\t\n\t\t<\/div>\n\t\t\t\t\t\t<\/div>\n\t\t\t\t<\/div>\n\t\t<div class=\"elementor-element elementor-element-e6a6c51 e-con-full e-flex e-con e-child\" data-id=\"e6a6c51\" data-element_type=\"container\">\n\t\t<div class=\"elementor-element elementor-element-616e27a e-con-full e-flex e-con e-child\" data-id=\"616e27a\" data-element_type=\"container\">\n\t\t\t\t<div class=\"elementor-element elementor-element-ecc49d1 elementor-widget elementor-widget-heading\" data-id=\"ecc49d1\" data-element_type=\"widget\" data-widget_type=\"heading.default\">\n\t\t\t\t<div class=\"elementor-widget-container\">\n\t\t\t\t\t<h2 class=\"elementor-heading-title elementor-size-default\">Tour<\/h2>\t\t\t\t<\/div>\n\t\t\t\t<\/div>\n\t\t\t\t<div class=\"elementor-element elementor-element-5aabfd0 elementor-position-left elementor-mobile-position-left elementor-view-default elementor-widget elementor-widget-icon-box\" data-id=\"5aabfd0\" data-element_type=\"widget\" data-widget_type=\"icon-box.default\">\n\t\t\t\t<div class=\"elementor-widget-container\">\n\t\t\t\t\t\t\t<div class=\"elementor-icon-box-wrapper\">\n\n\t\t\t\t\t\t<div class=\"elementor-icon-box-icon\">\n\t\t\t\t<span  class=\"elementor-icon\">\n\t\t\t\t<svg xmlns=\"http:\/\/www.w3.org\/2000\/svg\" height=\"24px\" viewBox=\"0 -960 960 960\" width=\"24px\" fill=\"#1E1F1F\"><path d=\"M292.31-60Q262-60 241-81q-21-21-21-51.31v-695.38Q220-858 241-879q21-21 51.31-21h375.38Q698-900 719-879q21 21 21 51.31v695.38Q740-102 719-81q-21 21-51.31 21H292.31ZM280-249.23v116.92q0 4.62 3.85 8.46 3.84 3.85 8.46 3.85h375.38q4.62 0 8.46-3.85 3.85-3.84 3.85-8.46v-116.92H280Zm200 100q14.69 0 25.04-10.35 10.34-10.34 10.34-25.04 0-14.69-10.34-25.03Q494.69-220 480-220t-25.04 10.35q-10.34 10.34-10.34 25.03 0 14.7 10.34 25.04 10.35 10.35 25.04 10.35Zm-200-160h400V-730H280v420.77ZM280-790h400v-37.69q0-4.62-3.85-8.46-3.84-3.85-8.46-3.85H292.31q-4.62 0-8.46 3.85-3.85 3.84-3.85 8.46V-790Zm0 540.77V-120v-129.23ZM280-790v-50 50Z\"><\/path><\/svg>\t\t\t\t<\/span>\n\t\t\t<\/div>\n\t\t\t\n\t\t\t\t\t\t<div class=\"elementor-icon-box-content\">\n\n\t\t\t\t\t\t\t\t\t<h3 class=\"elementor-icon-box-title\">\n\t\t\t\t\t\t<span  >\n\t\t\t\t\t\t\t+39 338 27 93 1444\t\t\t\t\t\t<\/span>\n\t\t\t\t\t<\/h3>\n\t\t\t\t\n\t\t\t\t\n\t\t\t<\/div>\n\t\t\t\n\t\t<\/div>\n\t\t\t\t\t\t<\/div>\n\t\t\t\t<\/div>\n\t\t\t\t<div class=\"elementor-element elementor-element-9bde4aa elementor-position-left elementor-mobile-position-left elementor-view-default elementor-widget elementor-widget-icon-box\" data-id=\"9bde4aa\" data-element_type=\"widget\" data-widget_type=\"icon-box.default\">\n\t\t\t\t<div class=\"elementor-widget-container\">\n\t\t\t\t\t\t\t<div class=\"elementor-icon-box-wrapper\">\n\n\t\t\t\t\t\t<div class=\"elementor-icon-box-icon\">\n\t\t\t\t<span  class=\"elementor-icon\">\n\t\t\t\t<svg xmlns=\"http:\/\/www.w3.org\/2000\/svg\" height=\"24px\" viewBox=\"0 -960 960 960\" width=\"24px\" fill=\"1E1F1F\"><path d=\"M140-190v-580l688.46 290L140-190Zm60-90 474-200-474-200v147.69L416.92-480 200-427.69V-280Zm0 0v-400 400Z\"><\/path><\/svg>\t\t\t\t<\/span>\n\t\t\t<\/div>\n\t\t\t\n\t\t\t\t\t\t<div class=\"elementor-icon-box-content\">\n\n\t\t\t\t\t\t\t\t\t<h3 class=\"elementor-icon-box-title\">\n\t\t\t\t\t\t<span  >\n\t\t\t\t\t\t\ttour@finaleligurefreeride.com\t\t\t\t\t\t<\/span>\n\t\t\t\t\t<\/h3>\n\t\t\t\t\n\t\t\t\t\n\t\t\t<\/div>\n\t\t\t\n\t\t<\/div>\n\t\t\t\t\t\t<\/div>\n\t\t\t\t<\/div>\n\t\t\t\t<\/div>\n\t\t<div class=\"elementor-element elementor-element-b3c7a60 e-con-full e-flex e-con e-child\" data-id=\"b3c7a60\" data-element_type=\"container\">\n\t\t\t\t<div class=\"elementor-element elementor-element-4a755c9 elementor-widget elementor-widget-heading\" data-id=\"4a755c9\" data-element_type=\"widget\" data-widget_type=\"heading.default\">\n\t\t\t\t<div class=\"elementor-widget-container\">\n\t\t\t\t\t<h2 class=\"elementor-heading-title elementor-size-default\">Risalite<\/h2>\t\t\t\t<\/div>\n\t\t\t\t<\/div>\n\t\t\t\t<div class=\"elementor-element elementor-element-8cf4dae elementor-position-left elementor-mobile-position-left elementor-view-default elementor-widget elementor-widget-icon-box\" data-id=\"8cf4dae\" data-element_type=\"widget\" data-widget_type=\"icon-box.default\">\n\t\t\t\t<div class=\"elementor-widget-container\">\n\t\t\t\t\t\t\t<div class=\"elementor-icon-box-wrapper\">\n\n\t\t\t\t\t\t<div class=\"elementor-icon-box-icon\">\n\t\t\t\t<span  class=\"elementor-icon\">\n\t\t\t\t<svg xmlns=\"http:\/\/www.w3.org\/2000\/svg\" height=\"24px\" viewBox=\"0 -960 960 960\" width=\"24px\" fill=\"#1E1F1F\"><path d=\"M292.31-60Q262-60 241-81q-21-21-21-51.31v-695.38Q220-858 241-879q21-21 51.31-21h375.38Q698-900 719-879q21 21 21 51.31v695.38Q740-102 719-81q-21 21-51.31 21H292.31ZM280-249.23v116.92q0 4.62 3.85 8.46 3.84 3.85 8.46 3.85h375.38q4.62 0 8.46-3.85 3.85-3.84 3.85-8.46v-116.92H280Zm200 100q14.69 0 25.04-10.35 10.34-10.34 10.34-25.04 0-14.69-10.34-25.03Q494.69-220 480-220t-25.04 10.35q-10.34 10.34-10.34 25.03 0 14.7 10.34 25.04 10.35 10.35 25.04 10.35Zm-200-160h400V-730H280v420.77ZM280-790h400v-37.69q0-4.62-3.85-8.46-3.84-3.85-8.46-3.85H292.31q-4.62 0-8.46 3.85-3.85 3.84-3.85 8.46V-790Zm0 540.77V-120v-129.23ZM280-790v-50 50Z\"><\/path><\/svg>\t\t\t\t<\/span>\n\t\t\t<\/div>\n\t\t\t\n\t\t\t\t\t\t<div class=\"elementor-icon-box-content\">\n\n\t\t\t\t\t\t\t\t\t<h3 class=\"elementor-icon-box-title\">\n\t\t\t\t\t\t<span  >\n\t\t\t\t\t\t\t+39 338 12 97 659\t\t\t\t\t\t<\/span>\n\t\t\t\t\t<\/h3>\n\t\t\t\t\n\t\t\t\t\n\t\t\t<\/div>\n\t\t\t\n\t\t<\/div>\n\t\t\t\t\t\t<\/div>\n\t\t\t\t<\/div>\n\t\t\t\t<div class=\"elementor-element elementor-element-fa76d1b elementor-position-left elementor-mobile-position-left elementor-view-default elementor-widget elementor-widget-icon-box\" data-id=\"fa76d1b\" data-element_type=\"widget\" data-widget_type=\"icon-box.default\">\n\t\t\t\t<div class=\"elementor-widget-container\">\n\t\t\t\t\t\t\t<div class=\"elementor-icon-box-wrapper\">\n\n\t\t\t\t\t\t<div class=\"elementor-icon-box-icon\">\n\t\t\t\t<span  class=\"elementor-icon\">\n\t\t\t\t<svg xmlns=\"http:\/\/www.w3.org\/2000\/svg\" height=\"24px\" viewBox=\"0 -960 960 960\" width=\"24px\" fill=\"1E1F1F\"><path d=\"M140-190v-580l688.46 290L140-190Zm60-90 474-200-474-200v147.69L416.92-480 200-427.69V-280Zm0 0v-400 400Z\"><\/path><\/svg>\t\t\t\t<\/span>\n\t\t\t<\/div>\n\t\t\t\n\t\t\t\t\t\t<div class=\"elementor-icon-box-content\">\n\n\t\t\t\t\t\t\t\t\t<h3 class=\"elementor-icon-box-title\">\n\t\t\t\t\t\t<span  >\n\t\t\t\t\t\t\tlift@finaleligurefreeride.com\t\t\t\t\t\t<\/span>\n\t\t\t\t\t<\/h3>\n\t\t\t\t\n\t\t\t\t\n\t\t\t<\/div>\n\t\t\t\n\t\t<\/div>\n\t\t\t\t\t\t<\/div>\n\t\t\t\t<\/div>\n\t\t\t\t<\/div>\n\t\t\t\t<\/div>\n\t\t\t\t<\/div>\n\t\t<div class=\"elementor-element elementor-element-0558eac e-con-full e-flex e-con e-child\" data-id=\"0558eac\" data-element_type=\"container\">\n\t\t\t\t<div class=\"elementor-element elementor-element-262614b elementor-button-align-stretch elementor-widget elementor-widget-form\" data-id=\"262614b\" data-element_type=\"widget\" data-settings=\"{&quot;step_next_label&quot;:&quot;Next&quot;,&quot;step_previous_label&quot;:&quot;Previous&quot;,&quot;button_width&quot;:&quot;100&quot;,&quot;step_type&quot;:&quot;number_text&quot;,&quot;step_icon_shape&quot;:&quot;circle&quot;}\" data-widget_type=\"form.default\">\n\t\t\t\t<div class=\"elementor-widget-container\">\n\t\t\t\t\t\t\t<form class=\"elementor-form\" method=\"post\" name=\"New Form\" aria-label=\"New Form\">\n\t\t\t<input type=\"hidden\" name=\"post_id\" value=\"510\"\/>\n\t\t\t<input type=\"hidden\" name=\"form_id\" value=\"262614b\"\/>\n\t\t\t<input type=\"hidden\" name=\"referer_title\" value=\"Academy\" \/>\n\n\t\t\t\t\t\t\t<input type=\"hidden\" name=\"queried_id\" value=\"510\"\/>\n\t\t\t\n\t\t\t<div class=\"elementor-form-fields-wrapper elementor-labels-above\">\n\t\t\t\t\t\t\t\t<div class=\"elementor-field-type-text elementor-field-group elementor-column elementor-field-group-name elementor-col-100\">\n\t\t\t\t\t\t\t\t\t\t\t\t<label for=\"form-field-name\" class=\"elementor-field-label\">\n\t\t\t\t\t\t\t\tNome\t\t\t\t\t\t\t<\/label>\n\t\t\t\t\t\t\t\t\t\t\t\t\t\t<input size=\"1\" type=\"text\" name=\"form_fields[name]\" id=\"form-field-name\" class=\"elementor-field elementor-size-sm  elementor-field-textual\" placeholder=\"Nome\">\n\t\t\t\t\t\t\t\t\t\t\t<\/div>\n\t\t\t\t\t\t\t\t<div class=\"elementor-field-type-email elementor-field-group elementor-column elementor-field-group-email elementor-col-100 elementor-field-required\">\n\t\t\t\t\t\t\t\t\t\t\t\t<label for=\"form-field-email\" class=\"elementor-field-label\">\n\t\t\t\t\t\t\t\tEmail\t\t\t\t\t\t\t<\/label>\n\t\t\t\t\t\t\t\t\t\t\t\t\t\t<input size=\"1\" type=\"email\" name=\"form_fields[email]\" id=\"form-field-email\" class=\"elementor-field elementor-size-sm  elementor-field-textual\" placeholder=\"Email\" required=\"required\">\n\t\t\t\t\t\t\t\t\t\t\t<\/div>\n\t\t\t\t\t\t\t\t<div class=\"elementor-field-type-textarea elementor-field-group elementor-column elementor-field-group-message elementor-col-100\">\n\t\t\t\t\t\t\t\t\t\t\t\t<label for=\"form-field-message\" class=\"elementor-field-label\">\n\t\t\t\t\t\t\t\tMessaggio\t\t\t\t\t\t\t<\/label>\n\t\t\t\t\t\t<textarea class=\"elementor-field-textual elementor-field  elementor-size-sm\" name=\"form_fields[message]\" id=\"form-field-message\" rows=\"4\" placeholder=\"Messaggio\"><\/textarea>\t\t\t\t<\/div>\n\t\t\t\t\t\t\t\t<div class=\"elementor-field-type-acceptance elementor-field-group elementor-column elementor-field-group-field_2d06889 elementor-col-100 elementor-field-required\">\n\t\t\t\t\t\t\t<div class=\"elementor-field-subgroup\">\n\t\t\t<span class=\"elementor-field-option\">\n\t\t\t\t<input type=\"checkbox\" name=\"form_fields[field_2d06889]\" id=\"form-field-field_2d06889\" class=\"elementor-field elementor-size-sm  elementor-acceptance-field\" required=\"required\">\n\t\t\t\t<label for=\"form-field-field_2d06889\">Ho letto e approvato la <a href=\"https:\/\/finaleligurefreeride.com\/privacy-policy\/\">privacy policy<\/a><\/label>\t\t\t<\/span>\n\t\t<\/div>\n\t\t\t\t\t\t<\/div>\n\t\t\t\t\t\t\t\t<div class=\"elementor-field-group elementor-column elementor-field-type-submit elementor-col-100 e-form__buttons\">\n\t\t\t\t\t<button class=\"elementor-button elementor-size-sm\" type=\"submit\">\n\t\t\t\t\t\t<span class=\"elementor-button-content-wrapper\">\n\t\t\t\t\t\t\t\t\t\t\t\t\t\t\t\t\t\t\t\t\t\t<span class=\"elementor-button-text\">Send<\/span>\n\t\t\t\t\t\t\t\t\t\t\t\t\t<\/span>\n\t\t\t\t\t<\/button>\n\t\t\t\t<\/div>\n\t\t\t<\/div>\n\t\t<\/form>\n\t\t\t\t\t\t<\/div>\n\t\t\t\t<\/div>\n\t\t\t\t<\/div>\n\t\t\t\t\t<\/div>\n\t\t\t\t<\/div>\n\t\t<div class=\"elementor-element elementor-element-6b6e741 e-con-full e-flex e-con e-parent\" data-id=\"6b6e741\" data-element_type=\"container\">\n\t\t\t\t<div class=\"elementor-element elementor-element-ed92573 elementor-widget elementor-widget-template\" data-id=\"ed92573\" data-element_type=\"widget\" data-widget_type=\"template.default\">\n\t\t\t\t<div class=\"elementor-widget-container\">\n\t\t\t\t\t\t\t<div class=\"elementor-template\">\n\t\t\t\t\t<div data-elementor-type=\"container\" data-elementor-id=\"178\" class=\"elementor elementor-178\" data-elementor-post-type=\"elementor_library\">\n\t\t\t\t<div class=\"elementor-element elementor-element-b1a183d e-flex e-con-boxed e-con e-parent\" data-id=\"b1a183d\" data-element_type=\"container\" data-settings=\"{&quot;background_background&quot;:&quot;classic&quot;}\">\n\t\t\t\t\t<div class=\"e-con-inner\">\n\t\t<div class=\"elementor-element elementor-element-78826713 e-con-full e-flex e-con e-child\" data-id=\"78826713\" data-element_type=\"container\">\n\t\t\t\t<div class=\"elementor-element elementor-element-75d4ef4c elementor-widget elementor-widget-heading\" data-id=\"75d4ef4c\" data-element_type=\"widget\" data-widget_type=\"heading.default\">\n\t\t\t\t<div class=\"elementor-widget-container\">\n\t\t\t\t\t<h2 class=\"elementor-heading-title elementor-size-default\">Grazie ai nostri <span>partner<\/span><\/h2>\t\t\t\t<\/div>\n\t\t\t\t<\/div>\n\t\t\t\t<\/div>\n\t\t<div class=\"elementor-element elementor-element-5a93e7ff e-con-full e-flex e-con e-child\" data-id=\"5a93e7ff\" data-element_type=\"container\">\n\t\t\t\t<div class=\"elementor-element elementor-element-14fff824 elementor-widget elementor-widget-image\" data-id=\"14fff824\" data-element_type=\"widget\" data-widget_type=\"image.default\">\n\t\t\t\t<div class=\"elementor-widget-container\">\n\t\t\t\t\t\t\t\t\t\t\t\t\t\t\t<img fetchpriority=\"high\" decoding=\"async\" width=\"1552\" height=\"217\" src=\"https:\/\/finaleligurefreeride.com\/wp-content\/uploads\/2025\/06\/Exept_full_black-002.png\" class=\"attachment-full size-full wp-image-1210\" alt=\"\" srcset=\"https:\/\/finaleligurefreeride.com\/wp-content\/uploads\/2025\/06\/Exept_full_black-002.png 1552w, https:\/\/finaleligurefreeride.com\/wp-content\/uploads\/2025\/06\/Exept_full_black-002-300x42.png 300w, https:\/\/finaleligurefreeride.com\/wp-content\/uploads\/2025\/06\/Exept_full_black-002-1024x143.png 1024w, https:\/\/finaleligurefreeride.com\/wp-content\/uploads\/2025\/06\/Exept_full_black-002-768x107.png 768w, https:\/\/finaleligurefreeride.com\/wp-content\/uploads\/2025\/06\/Exept_full_black-002-1536x215.png 1536w\" sizes=\"(max-width: 1552px) 100vw, 1552px\" \/>\t\t\t\t\t\t\t\t\t\t\t\t\t\t\t<\/div>\n\t\t\t\t<\/div>\n\t\t\t\t<\/div>\n\t\t<div class=\"elementor-element elementor-element-2f2349a e-con-full e-flex e-con e-child\" data-id=\"2f2349a\" data-element_type=\"container\">\n\t\t\t\t<div class=\"elementor-element elementor-element-6951cb09 elementor-widget elementor-widget-image\" data-id=\"6951cb09\" data-element_type=\"widget\" data-widget_type=\"image.default\">\n\t\t\t\t<div class=\"elementor-widget-container\">\n\t\t\t\t\t\t\t\t\t\t\t\t\t\t\t<img decoding=\"async\" width=\"1024\" height=\"724\" src=\"https:\/\/finaleligurefreeride.com\/wp-content\/uploads\/2024\/11\/ACQUA-CALIZZANO.png\" class=\"attachment-full size-full wp-image-118\" alt=\"\" srcset=\"https:\/\/finaleligurefreeride.com\/wp-content\/uploads\/2024\/11\/ACQUA-CALIZZANO.png 1024w, https:\/\/finaleligurefreeride.com\/wp-content\/uploads\/2024\/11\/ACQUA-CALIZZANO-300x212.png 300w, https:\/\/finaleligurefreeride.com\/wp-content\/uploads\/2024\/11\/ACQUA-CALIZZANO-768x543.png 768w\" sizes=\"(max-width: 1024px) 100vw, 1024px\" \/>\t\t\t\t\t\t\t\t\t\t\t\t\t\t\t<\/div>\n\t\t\t\t<\/div>\n\t\t\t\t<\/div>\n\t\t<div class=\"elementor-element elementor-element-173c6ccd e-con-full e-flex e-con e-child\" data-id=\"173c6ccd\" data-element_type=\"container\">\n\t\t\t\t<div class=\"elementor-element elementor-element-5c23b4e4 elementor-widget elementor-widget-image\" data-id=\"5c23b4e4\" data-element_type=\"widget\" data-widget_type=\"image.default\">\n\t\t\t\t<div class=\"elementor-widget-container\">\n\t\t\t\t\t\t\t\t\t\t\t\t\t\t\t<img decoding=\"async\" width=\"1500\" height=\"877\" src=\"https:\/\/finaleligurefreeride.com\/wp-content\/uploads\/2024\/11\/All4cycling-logo.png\" class=\"attachment-full size-full wp-image-119\" alt=\"\" srcset=\"https:\/\/finaleligurefreeride.com\/wp-content\/uploads\/2024\/11\/All4cycling-logo.png 1500w, https:\/\/finaleligurefreeride.com\/wp-content\/uploads\/2024\/11\/All4cycling-logo-300x175.png 300w, https:\/\/finaleligurefreeride.com\/wp-content\/uploads\/2024\/11\/All4cycling-logo-1024x599.png 1024w, https:\/\/finaleligurefreeride.com\/wp-content\/uploads\/2024\/11\/All4cycling-logo-768x449.png 768w\" sizes=\"(max-width: 1500px) 100vw, 1500px\" \/>\t\t\t\t\t\t\t\t\t\t\t\t\t\t\t<\/div>\n\t\t\t\t<\/div>\n\t\t\t\t<\/div>\n\t\t<div class=\"elementor-element elementor-element-76904939 e-con-full e-flex e-con e-child\" data-id=\"76904939\" data-element_type=\"container\">\n\t\t\t\t<div class=\"elementor-element elementor-element-79c9fb44 elementor-widget elementor-widget-image\" data-id=\"79c9fb44\" data-element_type=\"widget\" data-widget_type=\"image.default\">\n\t\t\t\t<div class=\"elementor-widget-container\">\n\t\t\t\t\t\t\t\t\t\t\t\t\t\t\t<img loading=\"lazy\" decoding=\"async\" width=\"334\" height=\"204\" src=\"https:\/\/finaleligurefreeride.com\/wp-content\/uploads\/2024\/11\/VECCHIE-MURA.png\" class=\"attachment-full size-full wp-image-117\" alt=\"\" srcset=\"https:\/\/finaleligurefreeride.com\/wp-content\/uploads\/2024\/11\/VECCHIE-MURA.png 334w, https:\/\/finaleligurefreeride.com\/wp-content\/uploads\/2024\/11\/VECCHIE-MURA-300x183.png 300w\" sizes=\"(max-width: 334px) 100vw, 334px\" \/>\t\t\t\t\t\t\t\t\t\t\t\t\t\t\t<\/div>\n\t\t\t\t<\/div>\n\t\t\t\t<\/div>\n\t\t<div class=\"elementor-element elementor-element-39c031e5 e-con-full e-flex e-con e-child\" data-id=\"39c031e5\" data-element_type=\"container\">\n\t\t\t\t<div class=\"elementor-element elementor-element-3fa1ff81 elementor-widget elementor-widget-image\" data-id=\"3fa1ff81\" data-element_type=\"widget\" data-widget_type=\"image.default\">\n\t\t\t\t<div class=\"elementor-widget-container\">\n\t\t\t\t\t\t\t\t\t\t\t\t\t\t\t<img loading=\"lazy\" decoding=\"async\" width=\"240\" height=\"156\" src=\"https:\/\/finaleligurefreeride.com\/wp-content\/uploads\/2024\/11\/HOTEL-DERBY.png\" class=\"attachment-full size-full wp-image-121\" alt=\"\" \/>\t\t\t\t\t\t\t\t\t\t\t\t\t\t\t<\/div>\n\t\t\t\t<\/div>\n\t\t\t\t<\/div>\n\t\t\t\t\t<\/div>\n\t\t\t\t<\/div>\n\t\t\t\t<\/div>\n\t\t\t\t<\/div>\n\t\t\t\t\t\t<\/div>\n\t\t\t\t<\/div>\n\t\t\t\t<\/div>\n\t\t\t\t<\/div>\n\t\t","protected":false},"excerpt":{"rendered":"<p>Dopo tante richieste da parte dei nostri clienti, siamo molto felici ed orgogliosi di offrire questo NUOVO ed ESCLUSIVO servizio.<br \/>\nAvrai l&#8217;opportunit\u00e0 di percorrere i sentieri pi\u00f9 iconici del Finale affiancato e seguito dai nostri coach, che ti insegner\u00e0 come migliorare la tua tecnica e le tue capacit\u00e0, in questo modo sarai in grado di girare in autonomia con pi\u00f9 sicurezza, pi\u00f9 controllo, pi\u00f9 velocit\u00e0 e assolutamente con pi\u00f9 divertimento!!<\/p>\n<p>Durante il giorno lavorerai su ogni aspetto per migliorare il tuo livello di guida.<\/p>\n","protected":false},"author":1,"featured_media":0,"parent":0,"menu_order":0,"comment_status":"closed","ping_status":"closed","template":"","meta":{"footnotes":""},"class_list":["post-510","page","type-page","status-publish","hentry"],"_links":{"self":[{"href":"https:\/\/finaleligurefreeride.com\/it\/wp-json\/wp\/v2\/pages\/510","targetHints":{"allow":["GET"]}}],"collection":[{"href":"https:\/\/finaleligurefreeride.com\/it\/wp-json\/wp\/v2\/pages"}],"about":[{"href":"https:\/\/finaleligurefreeride.com\/it\/wp-json\/wp\/v2\/types\/page"}],"author":[{"embeddable":true,"href":"https:\/\/finaleligurefreeride.com\/it\/wp-json\/wp\/v2\/users\/1"}],"replies":[{"embeddable":true,"href":"https:\/\/finaleligurefreeride.com\/it\/wp-json\/wp\/v2\/comments?post=510"}],"version-history":[{"count":8,"href":"https:\/\/finaleligurefreeride.com\/it\/wp-json\/wp\/v2\/pages\/510\/revisions"}],"predecessor-version":[{"id":1133,"href":"https:\/\/finaleligurefreeride.com\/it\/wp-json\/wp\/v2\/pages\/510\/revisions\/1133"}],"wp:attachment":[{"href":"https:\/\/finaleligurefreeride.com\/it\/wp-json\/wp\/v2\/media?parent=510"}],"curies":[{"name":"wp","href":"https:\/\/api.w.org\/{rel}","templated":true}]}}