{"id":838,"date":"2025-02-06T10:05:30","date_gmt":"2025-02-06T10:05:30","guid":{"rendered":"https:\/\/finaleligurefreeride.staging.appfactory.it\/touren\/touren-mit-guide\/"},"modified":"2025-02-10T15:40:54","modified_gmt":"2025-02-10T15:40:54","slug":"touren-mit-guide","status":"publish","type":"page","link":"https:\/\/finaleligurefreeride.com\/de\/touren\/touren-mit-guide\/","title":{"rendered":"TOUREN MIT GUIDE"},"content":{"rendered":"\t\t<div data-elementor-type=\"wp-page\" data-elementor-id=\"838\" class=\"elementor elementor-838 elementor-730\" data-elementor-post-type=\"page\">\n\t\t\t\t<div class=\"elementor-element elementor-element-9b6023c e-flex e-con-boxed e-con e-parent\" data-id=\"9b6023c\" data-element_type=\"container\">\n\t\t\t\t\t<div class=\"e-con-inner\">\n\t\t\t\t<div class=\"elementor-element elementor-element-638bd43 elementor-grid-4 elementor-grid-tablet-2 elementor-grid-mobile-1 elementor-widget elementor-widget-loop-grid\" data-id=\"638bd43\" data-element_type=\"widget\" data-settings=\"{&quot;template_id&quot;:189,&quot;columns&quot;:4,&quot;_skin&quot;:&quot;post&quot;,&quot;columns_tablet&quot;:&quot;2&quot;,&quot;columns_mobile&quot;:&quot;1&quot;,&quot;edit_handle_selector&quot;:&quot;[data-elementor-type=\\&quot;loop-item\\&quot;]&quot;,&quot;row_gap&quot;:{&quot;unit&quot;:&quot;px&quot;,&quot;size&quot;:&quot;&quot;,&quot;sizes&quot;:[]},&quot;row_gap_tablet&quot;:{&quot;unit&quot;:&quot;px&quot;,&quot;size&quot;:&quot;&quot;,&quot;sizes&quot;:[]},&quot;row_gap_mobile&quot;:{&quot;unit&quot;:&quot;px&quot;,&quot;size&quot;:&quot;&quot;,&quot;sizes&quot;:[]}}\" data-widget_type=\"loop-grid.post\">\n\t\t\t\t<div class=\"elementor-widget-container\">\n\t\t\t\t\t\t\t<div class=\"elementor-loop-container elementor-grid\" role=\"list\">\n\t\t<style id=\"loop-dynamic-189\">.e-loop-item-1242 .elementor-element.elementor-element-3ca68f9f:not(.elementor-motion-effects-element-type-background), .e-loop-item-1242 .elementor-element.elementor-element-3ca68f9f > .elementor-motion-effects-container > .elementor-motion-effects-layer{background-image:url(\"https:\/\/finaleligurefreeride.com\/wp-content\/uploads\/2025\/09\/foto-tour-nuovo-3.jpeg\");}<\/style><style id=\"loop-189\">selector h1 {\n    margin: 0;\n    padding: 0 !important;\n}\n.elementor-icon-box-title {\n    padding: 0;\n    margin: 0;\n}.elementor-189 .elementor-element.elementor-element-3ca68f9f{--display:flex;--min-height:500px;--flex-direction:column;--container-widget-width:100%;--container-widget-height:initial;--container-widget-flex-grow:0;--container-widget-align-self:initial;--flex-wrap-mobile:wrap;--justify-content:flex-end;--gap:0px 0px;--row-gap:0px;--column-gap:0px;--overlay-opacity:1;--padding-top:20px;--padding-bottom:20px;--padding-left:20px;--padding-right:40px;}.elementor-189 .elementor-element.elementor-element-3ca68f9f::before, .elementor-189 .elementor-element.elementor-element-3ca68f9f > .elementor-background-video-container::before, .elementor-189 .elementor-element.elementor-element-3ca68f9f > .e-con-inner > .elementor-background-video-container::before, .elementor-189 .elementor-element.elementor-element-3ca68f9f > .elementor-background-slideshow::before, .elementor-189 .elementor-element.elementor-element-3ca68f9f > .e-con-inner > .elementor-background-slideshow::before, .elementor-189 .elementor-element.elementor-element-3ca68f9f > .elementor-motion-effects-container > .elementor-motion-effects-layer::before{background-color:transparent;--background-overlay:'';background-image:linear-gradient(180deg, #1E1F1F00 0%, var( --e-global-color-text ) 100%);}.elementor-189 .elementor-element.elementor-element-3ca68f9f:not(.elementor-motion-effects-element-type-background), .elementor-189 .elementor-element.elementor-element-3ca68f9f > .elementor-motion-effects-container > .elementor-motion-effects-layer{background-position:center center;background-repeat:no-repeat;background-size:cover;}.elementor-widget-icon-box.elementor-view-stacked .elementor-icon{background-color:var( --e-global-color-primary );}.elementor-widget-icon-box.elementor-view-framed .elementor-icon, .elementor-widget-icon-box.elementor-view-default .elementor-icon{fill:var( --e-global-color-primary );color:var( --e-global-color-primary );border-color:var( --e-global-color-primary );}.elementor-widget-icon-box .elementor-icon-box-title, .elementor-widget-icon-box .elementor-icon-box-title a{font-family:var( --e-global-typography-primary-font-family ), Sans-serif;font-size:var( --e-global-typography-primary-font-size );font-weight:var( --e-global-typography-primary-font-weight );text-transform:var( --e-global-typography-primary-text-transform );line-height:var( --e-global-typography-primary-line-height );}.elementor-widget-icon-box .elementor-icon-box-title{color:var( --e-global-color-primary );}.elementor-widget-icon-box:has(:hover) .elementor-icon-box-title,\n\t\t\t\t\t .elementor-widget-icon-box:has(:focus) .elementor-icon-box-title{color:var( --e-global-color-primary );}.elementor-widget-icon-box .elementor-icon-box-description{font-family:var( --e-global-typography-text-font-family ), Sans-serif;font-size:var( --e-global-typography-text-font-size );font-weight:var( --e-global-typography-text-font-weight );line-height:var( --e-global-typography-text-line-height );color:var( --e-global-color-text );}.elementor-189 .elementor-element.elementor-element-4c69d6df > .elementor-widget-container{margin:0px 0px 20px 0px;}.elementor-189 .elementor-element.elementor-element-4c69d6df .elementor-icon-box-wrapper{text-align:left;}.elementor-189 .elementor-element.elementor-element-4c69d6df .elementor-icon-box-title, .elementor-189 .elementor-element.elementor-element-4c69d6df .elementor-icon-box-title a{font-family:\"League Gothic\", Sans-serif;font-size:42px;font-weight:400;text-transform:uppercase;line-height:1em;}.elementor-189 .elementor-element.elementor-element-4c69d6df .elementor-icon-box-title{color:var( --e-global-color-8ff6301 );}@media(max-width:1024px){.elementor-widget-icon-box .elementor-icon-box-title, .elementor-widget-icon-box .elementor-icon-box-title a{font-size:var( --e-global-typography-primary-font-size );line-height:var( --e-global-typography-primary-line-height );}.elementor-widget-icon-box .elementor-icon-box-description{font-size:var( --e-global-typography-text-font-size );line-height:var( --e-global-typography-text-line-height );}}@media(max-width:767px){.elementor-widget-icon-box .elementor-icon-box-title, .elementor-widget-icon-box .elementor-icon-box-title a{font-size:var( --e-global-typography-primary-font-size );line-height:var( --e-global-typography-primary-line-height );}.elementor-widget-icon-box .elementor-icon-box-description{font-size:var( --e-global-typography-text-font-size );line-height:var( --e-global-typography-text-line-height );}.elementor-189 .elementor-element.elementor-element-4c69d6df .elementor-icon-box-title, .elementor-189 .elementor-element.elementor-element-4c69d6df .elementor-icon-box-title a{font-size:50px;}}\/* Start custom CSS for container, class: .elementor-element-3ca68f9f *\/.cutteded-edge-box {\n  clip-path: polygon(0% 13%, 13% 0%, 100% 0%, 100% 87%, 87% 100%, 0% 100%);\n}\/* End custom CSS *\/<\/style>\t\t<div data-elementor-type=\"loop-item\" data-elementor-id=\"189\" class=\"elementor elementor-189 e-loop-item e-loop-item-1242 post-1242 tour type-tour status-publish has-post-thumbnail hentry\" data-elementor-post-type=\"elementor_library\" data-custom-edit-handle=\"1\">\n\t\t\t<div class=\"elementor-element elementor-element-3ca68f9f cutteded-edge-box e-flex e-con-boxed e-con e-parent\" data-id=\"3ca68f9f\" data-element_type=\"container\" data-settings=\"{&quot;background_background&quot;:&quot;classic&quot;}\">\n\t\t\t\t\t<div class=\"e-con-inner\">\n\t\t\t\t<div class=\"elementor-element elementor-element-4c69d6df elementor-widget elementor-widget-icon-box\" data-id=\"4c69d6df\" data-element_type=\"widget\" data-widget_type=\"icon-box.default\">\n\t\t\t\t<div class=\"elementor-widget-container\">\n\t\t\t\t\t\t\t<div class=\"elementor-icon-box-wrapper\">\n\n\t\t\t\n\t\t\t\t\t\t<div class=\"elementor-icon-box-content\">\n\n\t\t\t\t\t\t\t\t\t<h3 class=\"elementor-icon-box-title\">\n\t\t\t\t\t\t<a href=\"https:\/\/finaleligurefreeride.com\/de\/tour\/west-coast-tour\/\" >\n\t\t\t\t\t\t\tWEST COAST TOUR \u21c0\t\t\t\t\t\t<\/a>\n\t\t\t\t\t<\/h3>\n\t\t\t\t\n\t\t\t\t\n\t\t\t<\/div>\n\t\t\t\n\t\t<\/div>\n\t\t\t\t\t\t<\/div>\n\t\t\t\t<\/div>\n\t\t\t\t\t<\/div>\n\t\t\t\t<\/div>\n\t\t\t\t<\/div>\n\t\t<style id=\"loop-dynamic-189\">.e-loop-item-848 .elementor-element.elementor-element-3ca68f9f:not(.elementor-motion-effects-element-type-background), .e-loop-item-848 .elementor-element.elementor-element-3ca68f9f > .elementor-motion-effects-container > .elementor-motion-effects-layer{background-image:url(\"https:\/\/finaleligurefreeride.com\/wp-content\/uploads\/2024\/11\/CASTELVECCHIO-copertina.jpg\");}<\/style>\t\t<div data-elementor-type=\"loop-item\" data-elementor-id=\"189\" class=\"elementor elementor-189 e-loop-item e-loop-item-848 post-848 tour type-tour status-publish has-post-thumbnail hentry\" data-elementor-post-type=\"elementor_library\" data-custom-edit-handle=\"1\">\n\t\t\t<div class=\"elementor-element elementor-element-3ca68f9f cutteded-edge-box e-flex e-con-boxed e-con e-parent\" data-id=\"3ca68f9f\" data-element_type=\"container\" data-settings=\"{&quot;background_background&quot;:&quot;classic&quot;}\">\n\t\t\t\t\t<div class=\"e-con-inner\">\n\t\t\t\t<div class=\"elementor-element elementor-element-4c69d6df elementor-widget elementor-widget-icon-box\" data-id=\"4c69d6df\" data-element_type=\"widget\" data-widget_type=\"icon-box.default\">\n\t\t\t\t<div class=\"elementor-widget-container\">\n\t\t\t\t\t\t\t<div class=\"elementor-icon-box-wrapper\">\n\n\t\t\t\n\t\t\t\t\t\t<div class=\"elementor-icon-box-content\">\n\n\t\t\t\t\t\t\t\t\t<h3 class=\"elementor-icon-box-title\">\n\t\t\t\t\t\t<a href=\"https:\/\/finaleligurefreeride.com\/de\/tour\/castelvecchio-tour\/\" >\n\t\t\t\t\t\t\tCastelvecchio Tour \u21c0\t\t\t\t\t\t<\/a>\n\t\t\t\t\t<\/h3>\n\t\t\t\t\n\t\t\t\t\n\t\t\t<\/div>\n\t\t\t\n\t\t<\/div>\n\t\t\t\t\t\t<\/div>\n\t\t\t\t<\/div>\n\t\t\t\t\t<\/div>\n\t\t\t\t<\/div>\n\t\t\t\t<\/div>\n\t\t<style id=\"loop-dynamic-189\">.e-loop-item-852 .elementor-element.elementor-element-3ca68f9f:not(.elementor-motion-effects-element-type-background), .e-loop-item-852 .elementor-element.elementor-element-3ca68f9f > .elementor-motion-effects-container > .elementor-motion-effects-layer{background-image:url(\"https:\/\/finaleligurefreeride.com\/wp-content\/uploads\/2024\/11\/MONTE-CARMO-copertina.jpg\");}<\/style>\t\t<div data-elementor-type=\"loop-item\" data-elementor-id=\"189\" class=\"elementor elementor-189 e-loop-item e-loop-item-852 post-852 tour type-tour status-publish has-post-thumbnail hentry\" data-elementor-post-type=\"elementor_library\" data-custom-edit-handle=\"1\">\n\t\t\t<div class=\"elementor-element elementor-element-3ca68f9f cutteded-edge-box e-flex e-con-boxed e-con e-parent\" data-id=\"3ca68f9f\" data-element_type=\"container\" data-settings=\"{&quot;background_background&quot;:&quot;classic&quot;}\">\n\t\t\t\t\t<div class=\"e-con-inner\">\n\t\t\t\t<div class=\"elementor-element elementor-element-4c69d6df elementor-widget elementor-widget-icon-box\" data-id=\"4c69d6df\" data-element_type=\"widget\" data-widget_type=\"icon-box.default\">\n\t\t\t\t<div class=\"elementor-widget-container\">\n\t\t\t\t\t\t\t<div class=\"elementor-icon-box-wrapper\">\n\n\t\t\t\n\t\t\t\t\t\t<div class=\"elementor-icon-box-content\">\n\n\t\t\t\t\t\t\t\t\t<h3 class=\"elementor-icon-box-title\">\n\t\t\t\t\t\t<a href=\"https:\/\/finaleligurefreeride.com\/de\/tour\/monte-carmo-tour\/\" >\n\t\t\t\t\t\t\tMonte Carmo Tour \u21c0\t\t\t\t\t\t<\/a>\n\t\t\t\t\t<\/h3>\n\t\t\t\t\n\t\t\t\t\n\t\t\t<\/div>\n\t\t\t\n\t\t<\/div>\n\t\t\t\t\t\t<\/div>\n\t\t\t\t<\/div>\n\t\t\t\t\t<\/div>\n\t\t\t\t<\/div>\n\t\t\t\t<\/div>\n\t\t<style id=\"loop-dynamic-189\">.e-loop-item-850 .elementor-element.elementor-element-3ca68f9f:not(.elementor-motion-effects-element-type-background), .e-loop-item-850 .elementor-element.elementor-element-3ca68f9f > .elementor-motion-effects-container > .elementor-motion-effects-layer{background-image:url(\"https:\/\/finaleligurefreeride.com\/wp-content\/uploads\/2024\/11\/MIDDLE-copertina.jpg\");}<\/style>\t\t<div data-elementor-type=\"loop-item\" data-elementor-id=\"189\" class=\"elementor elementor-189 e-loop-item e-loop-item-850 post-850 tour type-tour status-publish has-post-thumbnail hentry\" data-elementor-post-type=\"elementor_library\" data-custom-edit-handle=\"1\">\n\t\t\t<div class=\"elementor-element elementor-element-3ca68f9f cutteded-edge-box e-flex e-con-boxed e-con e-parent\" data-id=\"3ca68f9f\" data-element_type=\"container\" data-settings=\"{&quot;background_background&quot;:&quot;classic&quot;}\">\n\t\t\t\t\t<div class=\"e-con-inner\">\n\t\t\t\t<div class=\"elementor-element elementor-element-4c69d6df elementor-widget elementor-widget-icon-box\" data-id=\"4c69d6df\" data-element_type=\"widget\" data-widget_type=\"icon-box.default\">\n\t\t\t\t<div class=\"elementor-widget-container\">\n\t\t\t\t\t\t\t<div class=\"elementor-icon-box-wrapper\">\n\n\t\t\t\n\t\t\t\t\t\t<div class=\"elementor-icon-box-content\">\n\n\t\t\t\t\t\t\t\t\t<h3 class=\"elementor-icon-box-title\">\n\t\t\t\t\t\t<a href=\"https:\/\/finaleligurefreeride.com\/de\/tour\/middle-earth-tour\/\" >\n\t\t\t\t\t\t\tMiddle earth tour \u21c0\t\t\t\t\t\t<\/a>\n\t\t\t\t\t<\/h3>\n\t\t\t\t\n\t\t\t\t\n\t\t\t<\/div>\n\t\t\t\n\t\t<\/div>\n\t\t\t\t\t\t<\/div>\n\t\t\t\t<\/div>\n\t\t\t\t\t<\/div>\n\t\t\t\t<\/div>\n\t\t\t\t<\/div>\n\t\t<style id=\"loop-dynamic-189\">.e-loop-item-840 .elementor-element.elementor-element-3ca68f9f:not(.elementor-motion-effects-element-type-background), .e-loop-item-840 .elementor-element.elementor-element-3ca68f9f > .elementor-motion-effects-container > .elementor-motion-effects-layer{background-image:url(\"https:\/\/finaleligurefreeride.com\/wp-content\/uploads\/2024\/11\/CLASSICO-dentro1.jpg\");}<\/style>\t\t<div data-elementor-type=\"loop-item\" data-elementor-id=\"189\" class=\"elementor elementor-189 e-loop-item e-loop-item-840 post-840 tour type-tour status-publish has-post-thumbnail hentry\" data-elementor-post-type=\"elementor_library\" data-custom-edit-handle=\"1\">\n\t\t\t<div class=\"elementor-element elementor-element-3ca68f9f cutteded-edge-box e-flex e-con-boxed e-con e-parent\" data-id=\"3ca68f9f\" data-element_type=\"container\" data-settings=\"{&quot;background_background&quot;:&quot;classic&quot;}\">\n\t\t\t\t\t<div class=\"e-con-inner\">\n\t\t\t\t<div class=\"elementor-element elementor-element-4c69d6df elementor-widget elementor-widget-icon-box\" data-id=\"4c69d6df\" data-element_type=\"widget\" data-widget_type=\"icon-box.default\">\n\t\t\t\t<div class=\"elementor-widget-container\">\n\t\t\t\t\t\t\t<div class=\"elementor-icon-box-wrapper\">\n\n\t\t\t\n\t\t\t\t\t\t<div class=\"elementor-icon-box-content\">\n\n\t\t\t\t\t\t\t\t\t<h3 class=\"elementor-icon-box-title\">\n\t\t\t\t\t\t<a href=\"https:\/\/finaleligurefreeride.com\/de\/tour\/klassische-tour\/\" >\n\t\t\t\t\t\t\tKLASSISCHE TOUR \u21c0\t\t\t\t\t\t<\/a>\n\t\t\t\t\t<\/h3>\n\t\t\t\t\n\t\t\t\t\n\t\t\t<\/div>\n\t\t\t\n\t\t<\/div>\n\t\t\t\t\t\t<\/div>\n\t\t\t\t<\/div>\n\t\t\t\t\t<\/div>\n\t\t\t\t<\/div>\n\t\t\t\t<\/div>\n\t\t<style id=\"loop-dynamic-189\">.e-loop-item-847 .elementor-element.elementor-element-3ca68f9f:not(.elementor-motion-effects-element-type-background), .e-loop-item-847 .elementor-element.elementor-element-3ca68f9f > .elementor-motion-effects-container > .elementor-motion-effects-layer{background-image:url(\"https:\/\/finaleligurefreeride.com\/wp-content\/uploads\/2024\/11\/EAST-SIDE-copertina.jpg\");}<\/style>\t\t<div data-elementor-type=\"loop-item\" data-elementor-id=\"189\" class=\"elementor elementor-189 e-loop-item e-loop-item-847 post-847 tour type-tour status-publish has-post-thumbnail hentry\" data-elementor-post-type=\"elementor_library\" data-custom-edit-handle=\"1\">\n\t\t\t<div class=\"elementor-element elementor-element-3ca68f9f cutteded-edge-box e-flex e-con-boxed e-con e-parent\" data-id=\"3ca68f9f\" data-element_type=\"container\" data-settings=\"{&quot;background_background&quot;:&quot;classic&quot;}\">\n\t\t\t\t\t<div class=\"e-con-inner\">\n\t\t\t\t<div class=\"elementor-element elementor-element-4c69d6df elementor-widget elementor-widget-icon-box\" data-id=\"4c69d6df\" data-element_type=\"widget\" data-widget_type=\"icon-box.default\">\n\t\t\t\t<div class=\"elementor-widget-container\">\n\t\t\t\t\t\t\t<div class=\"elementor-icon-box-wrapper\">\n\n\t\t\t\n\t\t\t\t\t\t<div class=\"elementor-icon-box-content\">\n\n\t\t\t\t\t\t\t\t\t<h3 class=\"elementor-icon-box-title\">\n\t\t\t\t\t\t<a href=\"https:\/\/finaleligurefreeride.com\/de\/tour\/east-side-tour\/\" >\n\t\t\t\t\t\t\tEast Side Tour \u21c0\t\t\t\t\t\t<\/a>\n\t\t\t\t\t<\/h3>\n\t\t\t\t\n\t\t\t\t\n\t\t\t<\/div>\n\t\t\t\n\t\t<\/div>\n\t\t\t\t\t\t<\/div>\n\t\t\t\t<\/div>\n\t\t\t\t\t<\/div>\n\t\t\t\t<\/div>\n\t\t\t\t<\/div>\n\t\t\t\t<\/div>\n\t\t\n\t\t\t\t\t\t<\/div>\n\t\t\t\t<\/div>\n\t\t\t\t\t<\/div>\n\t\t\t\t<\/div>\n\t\t\t\t<\/div>\n\t\t","protected":false},"excerpt":{"rendered":"<p>Wir bieten verschiedene Arten von Touren an!<br \/>\nGanztagestouren, privat oder in Gruppen, auch Backcountry-Touren.<br \/>\n\u2022 Inklusive Shuttle und Guide<br \/>\n\u2022 Eigene Ausr\u00fcstung erforderlich<br \/>\u2022 Schutzausr\u00fcstung und Fullface-Helm Pflicht<br \/>\u2022 Keine FAT-Bikes erlaubt<br \/>Mountainbiken und Freeriden sind Hochrisikoaktivit\u00e4ten. Jeder Teilnehmer*in tr\u00e4gt die volle<br \/>Eigenverantwortung f\u00fcr Unf\u00e4lle oder Sch\u00e4den an Ausr\u00fcstung und Person.   <\/p>\n","protected":false},"author":1,"featured_media":0,"parent":836,"menu_order":0,"comment_status":"closed","ping_status":"closed","template":"","meta":{"footnotes":""},"class_list":["post-838","page","type-page","status-publish","hentry"],"_links":{"self":[{"href":"https:\/\/finaleligurefreeride.com\/de\/wp-json\/wp\/v2\/pages\/838","targetHints":{"allow":["GET"]}}],"collection":[{"href":"https:\/\/finaleligurefreeride.com\/de\/wp-json\/wp\/v2\/pages"}],"about":[{"href":"https:\/\/finaleligurefreeride.com\/de\/wp-json\/wp\/v2\/types\/page"}],"author":[{"embeddable":true,"href":"https:\/\/finaleligurefreeride.com\/de\/wp-json\/wp\/v2\/users\/1"}],"replies":[{"embeddable":true,"href":"https:\/\/finaleligurefreeride.com\/de\/wp-json\/wp\/v2\/comments?post=838"}],"version-history":[{"count":1,"href":"https:\/\/finaleligurefreeride.com\/de\/wp-json\/wp\/v2\/pages\/838\/revisions"}],"predecessor-version":[{"id":839,"href":"https:\/\/finaleligurefreeride.com\/de\/wp-json\/wp\/v2\/pages\/838\/revisions\/839"}],"up":[{"embeddable":true,"href":"https:\/\/finaleligurefreeride.com\/de\/wp-json\/wp\/v2\/pages\/836"}],"wp:attachment":[{"href":"https:\/\/finaleligurefreeride.com\/de\/wp-json\/wp\/v2\/media?parent=838"}],"curies":[{"name":"wp","href":"https:\/\/api.w.org\/{rel}","templated":true}]}}